{"id":1000346,"date":"2019-04-27T07:51:04","date_gmt":"2019-04-27T05:51:04","guid":{"rendered":"https:\/\/www.soratru.it\/de\/?page_id=1000346"},"modified":"2019-10-09T17:22:19","modified_gmt":"2019-10-09T15:22:19","slug":"urlaub-auf-dem-bauernhof","status":"publish","type":"page","link":"https:\/\/www.soratru.it\/de\/urlaub-auf-dem-bauernhof\/","title":{"rendered":"Agriturismo"},"content":{"rendered":"<p>{&#8222;main-title&#8220;:{&#8222;component&#8220;:&#8220;hc_title&#8220;,&#8220;id&#8220;:&#8220;main-title&#8220;,&#8220;title&#8220;:&#8220;Home bistro&#8220;,&#8220;subtitle&#8220;:&#8220;&#8220;,&#8220;title_content&#8220;:{&#8222;component&#8220;:&#8220;hc_title_empty&#8220;,&#8220;id&#8220;:&#8220;title-empty&#8220;}},&#8220;section_JVrFb&#8220;:{&#8222;component&#8220;:&#8220;hc_section&#8220;,&#8220;id&#8220;:&#8220;section_JVrFb&#8220;,&#8220;section_width&#8220;:&#8220;&#8220;,&#8220;animation&#8220;:&#8220;&#8220;,&#8220;animation_time&#8220;:&#8220;&#8220;,&#8220;timeline_animation&#8220;:&#8220;&#8220;,&#8220;timeline_delay&#8220;:&#8220;&#8220;,&#8220;timeline_order&#8220;:&#8220;&#8220;,&#8220;vertical_row&#8220;:&#8220;&#8220;,&#8220;box_middle&#8220;:&#8220;&#8220;,&#8220;css_classes&#8220;:&#8220;white no-paddings-y &#8222;,&#8220;custom_css_classes&#8220;:&#8220;bg1&#8243;,&#8220;custom_css_styles&#8220;:&#8220;&#8220;,&#8220;section_content&#8220;:[{&#8222;component&#8220;:&#8220;hc_column&#8220;,&#8220;id&#8220;:&#8220;column_fhdRS&#8220;,&#8220;column_width&#8220;:&#8220;col-md-12&#8243;,&#8220;animation&#8220;:&#8220;&#8220;,&#8220;animation_time&#8220;:&#8220;&#8220;,&#8220;timeline_animation&#8220;:&#8220;&#8220;,&#8220;timeline_delay&#8220;:&#8220;&#8220;,&#8220;timeline_order&#8220;:&#8220;&#8220;,&#8220;css_classes&#8220;:&#8220;&#8220;,&#8220;custom_css_classes&#8220;:&#8220;&#8220;,&#8220;custom_css_styles&#8220;:&#8220;&#8220;,&#8220;main_content&#8220;:[{&#8222;component&#8220;:&#8220;hc_space&#8220;,&#8220;id&#8220;:&#8220;6urkK&#8220;,&#8220;css_classes&#8220;:&#8220;&#8220;,&#8220;custom_css_classes&#8220;:&#8220;&#8220;,&#8220;custom_css_styles&#8220;:&#8220;&#8220;,&#8220;size&#8220;:&#8220;&#8220;,&#8220;height&#8220;:&#8220;&#8220;}]}],&#8220;section_settings&#8220;:{&#8222;component&#8220;:&#8220;hc_section_image&#8220;,&#8220;id&#8220;:&#8220;section-image&#8220;,&#8220;image&#8220;:&#8220;https:\/\/www.soratru.it\/it\/wp-content\/uploads\/2019\/04\/bg-header.jpg|10|10|1000279&#8243;,&#8220;full_screen&#8220;:false,&#8220;full_screen_height&#8220;:&#8220;&#8220;,&#8220;parallax&#8220;:false,&#8220;bleed&#8220;:&#8220;&#8220;,&#8220;ken_burn&#8220;:&#8220;&#8220;,&#8220;bg_pos&#8220;:&#8220;bg-top&#8220;,&#8220;overlay&#8220;:&#8220;&#8220;}},&#8220;section_68Wb7&#8243;:{&#8222;component&#8220;:&#8220;hc_section&#8220;,&#8220;id&#8220;:&#8220;section_68Wb7&#8243;,&#8220;section_width&#8220;:&#8220;&#8220;,&#8220;animation&#8220;:&#8220;&#8220;,&#8220;animation_time&#8220;:&#8220;&#8220;,&#8220;timeline_animation&#8220;:&#8220;&#8220;,&#8220;timeline_delay&#8220;:&#8220;&#8220;,&#8220;timeline_order&#8220;:&#8220;&#8220;,&#8220;vertical_row&#8220;:&#8220;&#8220;,&#8220;box_middle&#8220;:&#8220;&#8220;,&#8220;css_classes&#8220;:&#8220;white &#8222;,&#8220;custom_css_classes&#8220;:&#8220;bg1&#8243;,&#8220;custom_css_styles&#8220;:&#8220;&#8220;,&#8220;section_content&#8220;:[{&#8222;component&#8220;:&#8220;hc_column&#8220;,&#8220;id&#8220;:&#8220;bYUJq&#8220;,&#8220;column_width&#8220;:&#8220;col-md-12&#8243;,&#8220;animation&#8220;:&#8220;&#8220;,&#8220;animation_time&#8220;:&#8220;&#8220;,&#8220;timeline_animation&#8220;:&#8220;&#8220;,&#8220;timeline_delay&#8220;:&#8220;&#8220;,&#8220;timeline_order&#8220;:&#8220;&#8220;,&#8220;css_classes&#8220;:&#8220;&#8220;,&#8220;custom_css_classes&#8220;:&#8220;&#8220;,&#8220;custom_css_styles&#8220;:&#8220;&#8220;,&#8220;main_content&#8220;:[{&#8222;component&#8220;:&#8220;hc_title_tag&#8220;,&#8220;id&#8220;:&#8220;yWCjX&#8220;,&#8220;css_classes&#8220;:&#8220;&#8220;,&#8220;custom_css_classes&#8220;:&#8220;&#8220;,&#8220;custom_css_styles&#8220;:&#8220;&#8220;,&#8220;text&#8220;:&#8220;[wbcr_php_snippet id=\\&#8220;1000297\\&#8220;]&#8220;,&#8220;tag&#8220;:&#8220;h4&#8243;},{&#8222;component&#8220;:&#8220;hc_wp_editor&#8220;,&#8220;id&#8220;:&#8220;s2zVM&#8220;,&#8220;css_classes&#8220;:&#8220;&#8220;,&#8220;custom_css_classes&#8220;:&#8220;&#8220;,&#8220;custom_css_styles&#8220;:&#8220;&#8220;,&#8220;editor_content&#8220;:&#8220;[wbcr_php_snippet id=\\&#8220;1000296\\&#8220;]\\t&#8220;}]}],&#8220;section_settings&#8220;:&#8220;&#8220;},&#8220;section_7kjRG&#8220;:{&#8222;component&#8220;:&#8220;hc_section&#8220;,&#8220;id&#8220;:&#8220;section_7kjRG&#8220;,&#8220;section_width&#8220;:&#8220;&#8220;,&#8220;animation&#8220;:&#8220;&#8220;,&#8220;animation_time&#8220;:&#8220;&#8220;,&#8220;timeline_animation&#8220;:&#8220;&#8220;,&#8220;timeline_delay&#8220;:&#8220;&#8220;,&#8220;timeline_order&#8220;:&#8220;&#8220;,&#8220;vertical_row&#8220;:&#8220;&#8220;,&#8220;box_middle&#8220;:&#8220;&#8220;,&#8220;css_classes&#8220;:&#8220;no-paddings-y &#8222;,&#8220;custom_css_classes&#8220;:&#8220;bg1&#8243;,&#8220;custom_css_styles&#8220;:&#8220;&#8220;,&#8220;section_content&#8220;:[{&#8222;component&#8220;:&#8220;hc_column&#8220;,&#8220;id&#8220;:&#8220;column_5ZtkF&#8220;,&#8220;column_width&#8220;:&#8220;col-md-12&#8243;,&#8220;animation&#8220;:&#8220;&#8220;,&#8220;animation_time&#8220;:&#8220;&#8220;,&#8220;timeline_animation&#8220;:&#8220;&#8220;,&#8220;timeline_delay&#8220;:&#8220;&#8220;,&#8220;timeline_order&#8220;:&#8220;&#8220;,&#8220;css_classes&#8220;:&#8220;&#8220;,&#8220;custom_css_classes&#8220;:&#8220;&#8220;,&#8220;custom_css_styles&#8220;:&#8220;&#8220;,&#8220;main_content&#8220;:[{&#8222;component&#8220;:&#8220;hc_image_slider&#8220;,&#8220;id&#8220;:&#8220;5uJRn&#8220;,&#8220;css_classes&#8220;:&#8220;&#8220;,&#8220;custom_css_classes&#8220;:&#8220;&#8220;,&#8220;custom_css_styles&#8220;:&#8220;&#8220;,&#8220;slides&#8220;:[{&#8222;component&#8220;:&#8220;hc_upload_img&#8220;,&#8220;id&#8220;:&#8220;Ch7tQ&#8220;,&#8220;link&#8220;:&#8220;https:\/\/www.soratru.it\/it\/wp-content\/uploads\/2019\/04\/agriturismo-10-1024&#215;629.jpg|700|1140|1000600&#8243;},{&#8222;component&#8220;:&#8220;hc_upload_img&#8220;,&#8220;id&#8220;:&#8220;8gtR3&#8243;,&#8220;link&#8220;:&#8220;https:\/\/www.soratru.it\/it\/wp-content\/uploads\/2019\/04\/agriturismo-8-1024&#215;629.jpg|700|1140|1000601&#8243;},{&#8222;component&#8220;:&#8220;hc_upload_img&#8220;,&#8220;id&#8220;:&#8220;GBQrN&#8220;,&#8220;link&#8220;:&#8220;https:\/\/www.soratru.it\/it\/wp-content\/uploads\/2019\/04\/agriturismo-7-1024&#215;629.jpg|700|1140|1000602&#8243;},{&#8222;component&#8220;:&#8220;hc_upload_img&#8220;,&#8220;id&#8220;:&#8220;LKtWv&#8220;,&#8220;link&#8220;:&#8220;https:\/\/www.soratru.it\/it\/wp-content\/uploads\/2019\/04\/agriturismo-6-1024&#215;629.jpg|700|1140|1000603&#8243;},{&#8222;component&#8220;:&#8220;hc_upload_img&#8220;,&#8220;id&#8220;:&#8220;6v1R8&#8243;,&#8220;link&#8220;:&#8220;https:\/\/www.soratru.it\/it\/wp-content\/uploads\/2019\/04\/agriturismo-5-1024&#215;629.jpg|700|1140|1000604&#8243;},{&#8222;component&#8220;:&#8220;hc_upload_img&#8220;,&#8220;id&#8220;:&#8220;hNjvE&#8220;,&#8220;link&#8220;:&#8220;https:\/\/www.soratru.it\/it\/wp-content\/uploads\/2019\/04\/agriturismo-4-1024&#215;629.jpg|700|1140|1000605&#8243;},{&#8222;component&#8220;:&#8220;hc_upload_img&#8220;,&#8220;id&#8220;:&#8220;8JPoa&#8220;,&#8220;link&#8220;:&#8220;https:\/\/www.soratru.it\/it\/wp-content\/uploads\/2019\/04\/agriturismo-3-1024&#215;629.jpg|700|1140|1000606&#8243;},{&#8222;component&#8220;:&#8220;hc_upload_img&#8220;,&#8220;id&#8220;:&#8220;PDMPp&#8220;,&#8220;link&#8220;:&#8220;https:\/\/www.soratru.it\/it\/wp-content\/uploads\/2019\/04\/agriturismo-2-1024&#215;629.jpg|700|1140|1000607&#8243;},{&#8222;component&#8220;:&#8220;hc_upload_img&#8220;,&#8220;id&#8220;:&#8220;xbxnd&#8220;,&#8220;link&#8220;:&#8220;https:\/\/www.soratru.it\/it\/wp-content\/uploads\/2019\/04\/agriturismo-1-1024&#215;629.jpg|700|1140|1000608&#8243;},{&#8222;component&#8220;:&#8220;hc_upload_img&#8220;,&#8220;id&#8220;:&#8220;cO1nx&#8220;,&#8220;link&#8220;:&#8220;https:\/\/www.soratru.it\/it\/wp-content\/uploads\/2019\/04\/agriturismo-11-1024&#215;629.jpg|700|1140|1000599&#8243;},{&#8222;component&#8220;:&#8220;hc_upload_img&#8220;,&#8220;id&#8220;:&#8220;aoVlN&#8220;,&#8220;link&#8220;:&#8220;https:\/\/www.soratru.it\/it\/wp-content\/uploads\/2016\/12\/agriturismo-12-1024&#215;629.jpg|700|1140|1000646&#8243;},{&#8222;component&#8220;:&#8220;hc_upload_img&#8220;,&#8220;id&#8220;:&#8220;KAFCR&#8220;,&#8220;link&#8220;:&#8220;https:\/\/www.soratru.it\/it\/wp-content\/uploads\/2016\/12\/agriturismo-13-1024&#215;629.jpg|700|1140|1000645&#8243;},{&#8222;component&#8220;:&#8220;hc_upload_img&#8220;,&#8220;id&#8220;:&#8220;cSwWY&#8220;,&#8220;link&#8220;:&#8220;https:\/\/www.soratru.it\/it\/wp-content\/uploads\/2016\/12\/agriturismo-14-1024&#215;629.jpg|700|1140|1000648&#8243;}],&#8220;outer_arrows&#8220;:false,&#8220;visible_arrows&#8220;:false,&#8220;nav_inner&#8220;:false,&#8220;lightbox&#8220;:false,&#8220;lightbox_animation&#8220;:&#8220;&#8220;,&#8220;image_animation&#8220;:&#8220;&#8220;,&#8220;thumb_size&#8220;:&#8220;large&#8220;,&#8220;image_size&#8220;:&#8220;large&#8220;,&#8220;thumbnail&#8220;:false,&#8220;png-over&#8220;:false,&#8220;custom_classes&#8220;:&#8220;&#8220;,&#8220;trigger&#8220;:&#8220;&#8220;,&#8220;data_options&#8220;:&#8220;&#8220;,&#8220;type&#8220;:&#8220;slider&#8220;},{&#8222;component&#8220;:&#8220;hc_space&#8220;,&#8220;id&#8220;:&#8220;kjqle&#8220;,&#8220;css_classes&#8220;:&#8220;&#8220;,&#8220;custom_css_classes&#8220;:&#8220;&#8220;,&#8220;custom_css_styles&#8220;:&#8220;&#8220;,&#8220;size&#8220;:&#8220;&#8220;,&#8220;height&#8220;:&#8220;&#8220;}]}],&#8220;section_settings&#8220;:&#8220;&#8220;},&#8220;scripts&#8220;:{&#8222;flexslider&#8220;:&#8220;flexslider\/jquery.flexslider-min.js&#8220;},&#8220;css&#8220;:{&#8222;flexslider&#8220;:&#8220;scripts\/flexslider\/flexslider.css&#8220;},&#8220;css_page&#8220;:&#8220;&#8220;,&#8220;template_setting&#8220;:{&#8222;settings&#8220;:{&#8222;id&#8220;:&#8220;settings&#8220;}},&#8220;template_setting_top&#8220;:{},&#8220;page_setting&#8220;:{&#8222;settings&#8220;:[&#8222;lock-mode-off&#8220;]}}<\/p>\n","protected":false},"excerpt":{"rendered":"<p>{&#8222;main-title&#8220;:{&#8222;component&#8220;:&#8220;hc_title&#8220;,&#8220;id&#8220;:&#8220;main-title&#8220;,&#8220;title&#8220;:&#8220;Home bistro&#8220;,&#8220;subtitle&#8220;:&#8220;&#8220;,&#8220;title_content&#8220;:{&#8222;component&#8220;:&#8220;hc_title_empty&#8220;,&#8220;id&#8220;:&#8220;title-empty&#8220;}},&#8220;section_JVrFb&#8220;:{&#8222;component&#8220;:&#8220;hc_section&#8220;,&#8220;id&#8220;:&#8220;section_JVrFb&#8220;,&#8220;section_width&#8220;:&#8220;&#8220;,&#8220;animation&#8220;:&#8220;&#8220;,&#8220;animation_time&#8220;:&#8220;&#8220;,&#8220;timeline_animation&#8220;:&#8220;&#8220;,&#8220;timeline_delay&#8220;:&#8220;&#8220;,&#8220;timeline_order&#8220;:&#8220;&#8220;,&#8220;vertical_row&#8220;:&#8220;&#8220;,&#8220;box_middle&#8220;:&#8220;&#8220;,&#8220;css_classes&#8220;:&#8220;white no-paddings-y &#8222;,&#8220;custom_css_classes&#8220;:&#8220;bg1&#8243;,&#8220;custom_css_styles&#8220;:&#8220;&#8220;,&#8220;section_content&#8220;:[{&#8222;component&#8220;:&#8220;hc_column&#8220;,&#8220;id&#8220;:&#8220;column_fhdRS&#8220;,&#8220;column_width&#8220;:&#8220;col-md-12&#8243;,&#8220;animation&#8220;:&#8220;&#8220;,&#8220;animation_time&#8220;:&#8220;&#8220;,&#8220;timeline_animation&#8220;:&#8220;&#8220;,&#8220;timeline_delay&#8220;:&#8220;&#8220;,&#8220;timeline_order&#8220;:&#8220;&#8220;,&#8220;css_classes&#8220;:&#8220;&#8220;,&#8220;custom_css_classes&#8220;:&#8220;&#8220;,&#8220;custom_css_styles&#8220;:&#8220;&#8220;,&#8220;main_content&#8220;:[{&#8222;component&#8220;:&#8220;hc_space&#8220;,&#8220;id&#8220;:&#8220;6urkK&#8220;,&#8220;css_classes&#8220;:&#8220;&#8220;,&#8220;custom_css_classes&#8220;:&#8220;&#8220;,&#8220;custom_css_styles&#8220;:&#8220;&#8220;,&#8220;size&#8220;:&#8220;&#8220;,&#8220;height&#8220;:&#8220;&#8220;}]}],&#8220;section_settings&#8220;:{&#8222;component&#8220;:&#8220;hc_section_image&#8220;,&#8220;id&#8220;:&#8220;section-image&#8220;,&#8220;image&#8220;:&#8220;https:\/\/www.soratru.it\/it\/wp-content\/uploads\/2019\/04\/bg-header.jpg|10|10|1000279&#8243;,&#8220;full_screen&#8220;:false,&#8220;full_screen_height&#8220;:&#8220;&#8220;,&#8220;parallax&#8220;:false,&#8220;bleed&#8220;:&#8220;&#8220;,&#8220;ken_burn&#8220;:&#8220;&#8220;,&#8220;bg_pos&#8220;:&#8220;bg-top&#8220;,&#8220;overlay&#8220;:&#8220;&#8220;}},&#8220;section_68Wb7&#8243;:{&#8222;component&#8220;:&#8220;hc_section&#8220;,&#8220;id&#8220;:&#8220;section_68Wb7&#8243;,&#8220;section_width&#8220;:&#8220;&#8220;,&#8220;animation&#8220;:&#8220;&#8220;,&#8220;animation_time&#8220;:&#8220;&#8220;,&#8220;timeline_animation&#8220;:&#8220;&#8220;,&#8220;timeline_delay&#8220;:&#8220;&#8220;,&#8220;timeline_order&#8220;:&#8220;&#8220;,&#8220;vertical_row&#8220;:&#8220;&#8220;,&#8220;box_middle&#8220;:&#8220;&#8220;,&#8220;css_classes&#8220;:&#8220;white &#8222;,&#8220;custom_css_classes&#8220;:&#8220;bg1&#8243;,&#8220;custom_css_styles&#8220;:&#8220;&#8220;,&#8220;section_content&#8220;:[{&#8222;component&#8220;:&#8220;hc_column&#8220;,&#8220;id&#8220;:&#8220;bYUJq&#8220;,&#8220;column_width&#8220;:&#8220;col-md-12&#8243;,&#8220;animation&#8220;:&#8220;&#8220;,&#8220;animation_time&#8220;:&#8220;&#8220;,&#8220;timeline_animation&#8220;:&#8220;&#8220;,&#8220;timeline_delay&#8220;:&#8220;&#8220;,&#8220;timeline_order&#8220;:&#8220;&#8220;,&#8220;css_classes&#8220;:&#8220;&#8220;,&#8220;custom_css_classes&#8220;:&#8220;&#8220;,&#8220;custom_css_styles&#8220;:&#8220;&#8220;,&#8220;main_content&#8220;:[{&#8222;component&#8220;:&#8220;hc_title_tag&#8220;,&#8220;id&#8220;:&#8220;yWCjX&#8220;,&#8220;css_classes&#8220;:&#8220;&#8220;,&#8220;custom_css_classes&#8220;:&#8220;&#8220;,&#8220;custom_css_styles&#8220;:&#8220;&#8220;,&#8220;text&#8220;:&#8220;[wbcr_php_snippet id=\\&#8220;1000297\\&#8220;]&#8220;,&#8220;tag&#8220;:&#8220;h4&#8243;},{&#8222;component&#8220;:&#8220;hc_wp_editor&#8220;,&#8220;id&#8220;:&#8220;s2zVM&#8220;,&#8220;css_classes&#8220;:&#8220;&#8220;,&#8220;custom_css_classes&#8220;:&#8220;&#8220;,&#8220;custom_css_styles&#8220;:&#8220;&#8220;,&#8220;editor_content&#8220;:&#8220;[wbcr_php_snippet id=\\&#8220;1000296\\&#8220;]\\t&#8220;}]}],&#8220;section_settings&#8220;:&#8220;&#8220;},&#8220;section_7kjRG&#8220;:{&#8222;component&#8220;:&#8220;hc_section&#8220;,&#8220;id&#8220;:&#8220;section_7kjRG&#8220;,&#8220;section_width&#8220;:&#8220;&#8220;,&#8220;animation&#8220;:&#8220;&#8220;,&#8220;animation_time&#8220;:&#8220;&#8220;,&#8220;timeline_animation&#8220;:&#8220;&#8220;,&#8220;timeline_delay&#8220;:&#8220;&#8220;,&#8220;timeline_order&#8220;:&#8220;&#8220;,&#8220;vertical_row&#8220;:&#8220;&#8220;,&#8220;box_middle&#8220;:&#8220;&#8220;,&#8220;css_classes&#8220;:&#8220;no-paddings-y &#8222;,&#8220;custom_css_classes&#8220;:&#8220;bg1&#8243;,&#8220;custom_css_styles&#8220;:&#8220;&#8220;,&#8220;section_content&#8220;:[{&#8222;component&#8220;:&#8220;hc_column&#8220;,&#8220;id&#8220;:&#8220;column_5ZtkF&#8220;,&#8220;column_width&#8220;:&#8220;col-md-12&#8243;,&#8220;animation&#8220;:&#8220;&#8220;,&#8220;animation_time&#8220;:&#8220;&#8220;,&#8220;timeline_animation&#8220;:&#8220;&#8220;,&#8220;timeline_delay&#8220;:&#8220;&#8220;,&#8220;timeline_order&#8220;:&#8220;&#8220;,&#8220;css_classes&#8220;:&#8220;&#8220;,&#8220;custom_css_classes&#8220;:&#8220;&#8220;,&#8220;custom_css_styles&#8220;:&#8220;&#8220;,&#8220;main_content&#8220;:[{&#8222;component&#8220;:&#8220;hc_image_slider&#8220;,&#8220;id&#8220;:&#8220;5uJRn&#8220;,&#8220;css_classes&#8220;:&#8220;&#8220;,&#8220;custom_css_classes&#8220;:&#8220;&#8220;,&#8220;custom_css_styles&#8220;:&#8220;&#8220;,&#8220;slides&#8220;:[{&#8222;component&#8220;:&#8220;hc_upload_img&#8220;,&#8220;id&#8220;:&#8220;Ch7tQ&#8220;,&#8220;link&#8220;:&#8220;https:\/\/www.soratru.it\/it\/wp-content\/uploads\/2019\/04\/agriturismo-10-1024&#215;629.jpg|700|1140|1000600&#8243;},{&#8222;component&#8220;:&#8220;hc_upload_img&#8220;,&#8220;id&#8220;:&#8220;8gtR3&#8243;,&#8220;link&#8220;:&#8220;https:\/\/www.soratru.it\/it\/wp-content\/uploads\/2019\/04\/agriturismo-8-1024&#215;629.jpg|700|1140|1000601&#8243;},{&#8222;component&#8220;:&#8220;hc_upload_img&#8220;,&#8220;id&#8220;:&#8220;GBQrN&#8220;,&#8220;link&#8220;:&#8220;https:\/\/www.soratru.it\/it\/wp-content\/uploads\/2019\/04\/agriturismo-7-1024&#215;629.jpg|700|1140|1000602&#8243;},{&#8222;component&#8220;:&#8220;hc_upload_img&#8220;,&#8220;id&#8220;:&#8220;LKtWv&#8220;,&#8220;link&#8220;:&#8220;https:\/\/www.soratru.it\/it\/wp-content\/uploads\/2019\/04\/agriturismo-6-1024&#215;629.jpg|700|1140|1000603&#8243;},{&#8222;component&#8220;:&#8220;hc_upload_img&#8220;,&#8220;id&#8220;:&#8220;6v1R8&#8243;,&#8220;link&#8220;:&#8220;https:\/\/www.soratru.it\/it\/wp-content\/uploads\/2019\/04\/agriturismo-5-1024&#215;629.jpg|700|1140|1000604&#8243;},{&#8222;component&#8220;:&#8220;hc_upload_img&#8220;,&#8220;id&#8220;:&#8220;hNjvE&#8220;,&#8220;link&#8220;:&#8220;https:\/\/www.soratru.it\/it\/wp-content\/uploads\/2019\/04\/agriturismo-4-1024&#215;629.jpg|700|1140|1000605&#8243;},{&#8222;component&#8220;:&#8220;hc_upload_img&#8220;,&#8220;id&#8220;:&#8220;8JPoa&#8220;,&#8220;link&#8220;:&#8220;https:\/\/www.soratru.it\/it\/wp-content\/uploads\/2019\/04\/agriturismo-3-1024&#215;629.jpg|700|1140|1000606&#8243;},{&#8222;component&#8220;:&#8220;hc_upload_img&#8220;,&#8220;id&#8220;:&#8220;PDMPp&#8220;,&#8220;link&#8220;:&#8220;https:\/\/www.soratru.it\/it\/wp-content\/uploads\/2019\/04\/agriturismo-2-1024&#215;629.jpg|700|1140|1000607&#8243;},{&#8222;component&#8220;:&#8220;hc_upload_img&#8220;,&#8220;id&#8220;:&#8220;xbxnd&#8220;,&#8220;link&#8220;:&#8220;https:\/\/www.soratru.it\/it\/wp-content\/uploads\/2019\/04\/agriturismo-1-1024&#215;629.jpg|700|1140|1000608&#8243;},{&#8222;component&#8220;:&#8220;hc_upload_img&#8220;,&#8220;id&#8220;:&#8220;cO1nx&#8220;,&#8220;link&#8220;:&#8220;https:\/\/www.soratru.it\/it\/wp-content\/uploads\/2019\/04\/agriturismo-11-1024&#215;629.jpg|700|1140|1000599&#8243;},{&#8222;component&#8220;:&#8220;hc_upload_img&#8220;,&#8220;id&#8220;:&#8220;aoVlN&#8220;,&#8220;link&#8220;:&#8220;https:\/\/www.soratru.it\/it\/wp-content\/uploads\/2016\/12\/agriturismo-12-1024&#215;629.jpg|700|1140|1000646&#8243;},{&#8222;component&#8220;:&#8220;hc_upload_img&#8220;,&#8220;id&#8220;:&#8220;KAFCR&#8220;,&#8220;link&#8220;:&#8220;https:\/\/www.soratru.it\/it\/wp-content\/uploads\/2016\/12\/agriturismo-13-1024&#215;629.jpg|700|1140|1000645&#8243;},{&#8222;component&#8220;:&#8220;hc_upload_img&#8220;,&#8220;id&#8220;:&#8220;cSwWY&#8220;,&#8220;link&#8220;:&#8220;https:\/\/www.soratru.it\/it\/wp-content\/uploads\/2016\/12\/agriturismo-14-1024&#215;629.jpg|700|1140|1000648&#8243;}],&#8220;outer_arrows&#8220;:false,&#8220;visible_arrows&#8220;:false,&#8220;nav_inner&#8220;:false,&#8220;lightbox&#8220;:false,&#8220;lightbox_animation&#8220;:&#8220;&#8220;,&#8220;image_animation&#8220;:&#8220;&#8220;,&#8220;thumb_size&#8220;:&#8220;large&#8220;,&#8220;image_size&#8220;:&#8220;large&#8220;,&#8220;thumbnail&#8220;:false,&#8220;png-over&#8220;:false,&#8220;custom_classes&#8220;:&#8220;&#8220;,&#8220;trigger&#8220;:&#8220;&#8220;,&#8220;data_options&#8220;:&#8220;&#8220;,&#8220;type&#8220;:&#8220;slider&#8220;},{&#8222;component&#8220;:&#8220;hc_space&#8220;,&#8220;id&#8220;:&#8220;kjqle&#8220;,&#8220;css_classes&#8220;:&#8220;&#8220;,&#8220;custom_css_classes&#8220;:&#8220;&#8220;,&#8220;custom_css_styles&#8220;:&#8220;&#8220;,&#8220;size&#8220;:&#8220;&#8220;,&#8220;height&#8220;:&#8220;&#8220;}]}],&#8220;section_settings&#8220;:&#8220;&#8220;},&#8220;scripts&#8220;:{&#8222;flexslider&#8220;:&#8220;flexslider\/jquery.flexslider-min.js&#8220;},&#8220;css&#8220;:{&#8222;flexslider&#8220;:&#8220;scripts\/flexslider\/flexslider.css&#8220;},&#8220;css_page&#8220;:&#8220;&#8220;,&#8220;template_setting&#8220;:{&#8222;settings&#8220;:{&#8222;id&#8220;:&#8220;settings&#8220;}},&#8220;template_setting_top&#8220;:{},&#8220;page_setting&#8220;:{&#8222;settings&#8220;:[&#8222;lock-mode-off&#8220;]}}<\/p>\n","protected":false},"author":1,"featured_media":0,"parent":0,"menu_order":0,"comment_status":"closed","ping_status":"closed","template":"","meta":[],"yoast_head":"<!-- This site is optimized with the Yoast SEO plugin v16.4 - https:\/\/yoast.com\/wordpress\/plugins\/seo\/ -->\n<title>Ferienbauernhof SORATR\u00da in St.Vigil in Enneberg<\/title>\n<meta name=\"description\" content=\"Wir bieten ger\u00e4umige und komfortable Wohnungen, von denen aus Sie die wundersch\u00f6ne Landschaft bewundern k\u00f6nnen.\" \/>\n<meta name=\"robots\" content=\"noindex, follow, max-snippet:-1, max-image-preview:large, max-video-preview:-1\" \/>\n<meta property=\"og:locale\" content=\"de_DE\" \/>\n<meta property=\"og:type\" content=\"article\" \/>\n<meta property=\"og:title\" content=\"Ferienbauernhof SORATR\u00da in St.Vigil in Enneberg\" \/>\n<meta property=\"og:description\" content=\"Wir bieten ger\u00e4umige und komfortable Wohnungen, von denen aus Sie die wundersch\u00f6ne Landschaft bewundern k\u00f6nnen.\" \/>\n<meta property=\"og:url\" content=\"https:\/\/www.soratru.it\/de\/urlaub-auf-dem-bauernhof\/\" \/>\n<meta property=\"og:site_name\" content=\"Urlaub auf dem Bauernhof Soratru\" \/>\n<meta property=\"article:modified_time\" content=\"2019-10-09T15:22:19+00:00\" \/>\n<meta name=\"twitter:card\" content=\"summary_large_image\" \/>\n<meta name=\"twitter:label1\" content=\"Gesch\u00e4tzte Lesezeit\" \/>\n\t<meta name=\"twitter:data1\" content=\"3 Minuten\" \/>\n<script type=\"application\/ld+json\" class=\"yoast-schema-graph\">{\"@context\":\"https:\/\/schema.org\",\"@graph\":[{\"@type\":\"WebSite\",\"@id\":\"https:\/\/www.soratru.it\/de\/#website\",\"url\":\"https:\/\/www.soratru.it\/de\/\",\"name\":\"Urlaub auf dem Bauernhof Soratru\",\"description\":\"Ferienwohnungen in St. Vigil in Enneberg\",\"potentialAction\":[{\"@type\":\"SearchAction\",\"target\":\"https:\/\/www.soratru.it\/de\/?s={search_term_string}\",\"query-input\":\"required name=search_term_string\"}],\"inLanguage\":\"de-DE\"},{\"@type\":\"WebPage\",\"@id\":\"https:\/\/www.soratru.it\/de\/urlaub-auf-dem-bauernhof\/#webpage\",\"url\":\"https:\/\/www.soratru.it\/de\/urlaub-auf-dem-bauernhof\/\",\"name\":\"Ferienbauernhof SORATR\\u00da in St.Vigil in Enneberg\",\"isPartOf\":{\"@id\":\"https:\/\/www.soratru.it\/de\/#website\"},\"datePublished\":\"2019-04-27T05:51:04+00:00\",\"dateModified\":\"2019-10-09T15:22:19+00:00\",\"description\":\"Wir bieten ger\\u00e4umige und komfortable Wohnungen, von denen aus Sie die wundersch\\u00f6ne Landschaft bewundern k\\u00f6nnen.\",\"breadcrumb\":{\"@id\":\"https:\/\/www.soratru.it\/de\/urlaub-auf-dem-bauernhof\/#breadcrumb\"},\"inLanguage\":\"de-DE\",\"potentialAction\":[{\"@type\":\"ReadAction\",\"target\":[\"https:\/\/www.soratru.it\/de\/urlaub-auf-dem-bauernhof\/\"]}]},{\"@type\":\"BreadcrumbList\",\"@id\":\"https:\/\/www.soratru.it\/de\/urlaub-auf-dem-bauernhof\/#breadcrumb\",\"itemListElement\":[{\"@type\":\"ListItem\",\"position\":1,\"item\":{\"@type\":\"WebPage\",\"@id\":\"https:\/\/www.soratru.it\/de\/\",\"url\":\"https:\/\/www.soratru.it\/de\/\",\"name\":\"Home\"}},{\"@type\":\"ListItem\",\"position\":2,\"item\":{\"@id\":\"https:\/\/www.soratru.it\/de\/urlaub-auf-dem-bauernhof\/#webpage\"}}]}]}<\/script>\n<!-- \/ Yoast SEO plugin. -->","_links":{"self":[{"href":"https:\/\/www.soratru.it\/de\/wp-json\/wp\/v2\/pages\/1000346"}],"collection":[{"href":"https:\/\/www.soratru.it\/de\/wp-json\/wp\/v2\/pages"}],"about":[{"href":"https:\/\/www.soratru.it\/de\/wp-json\/wp\/v2\/types\/page"}],"author":[{"embeddable":true,"href":"https:\/\/www.soratru.it\/de\/wp-json\/wp\/v2\/users\/1"}],"replies":[{"embeddable":true,"href":"https:\/\/www.soratru.it\/de\/wp-json\/wp\/v2\/comments?post=1000346"}],"version-history":[{"count":2,"href":"https:\/\/www.soratru.it\/de\/wp-json\/wp\/v2\/pages\/1000346\/revisions"}],"predecessor-version":[{"id":1000708,"href":"https:\/\/www.soratru.it\/de\/wp-json\/wp\/v2\/pages\/1000346\/revisions\/1000708"}],"wp:attachment":[{"href":"https:\/\/www.soratru.it\/de\/wp-json\/wp\/v2\/media?parent=1000346"}],"curies":[{"name":"wp","href":"https:\/\/api.w.org\/{rel}","templated":true}]}}